{"id":91,"date":"2024-09-08T11:13:23","date_gmt":"2024-09-08T11:13:23","guid":{"rendered":"https:\/\/www.narhetsakuten.se\/?page_id=91"},"modified":"2025-02-13T08:39:41","modified_gmt":"2025-02-13T08:39:41","slug":"parterapi","status":"publish","type":"page","link":"https:\/\/www.narhetsakuten.se\/index.php\/parterapi\/","title":{"rendered":"Parterapi"},"content":{"rendered":"<p>[et_pb_section fb_built=&#8221;1&#8243; _builder_version=&#8221;4.27.4&#8243; _module_preset=&#8221;default&#8221; use_background_color_gradient=&#8221;on&#8221; background_color_gradient_direction=&#8221;123deg&#8221; background_color_gradient_stops=&#8221;rgba(49,49,47,0.64) 0%|rgba(255,255,255,0) 100%&#8221; background_image=&#8221;https:\/\/www.narhetsakuten.se\/wp-content\/uploads\/2025\/02\/IMG_2207-1920-16&#215;9-parterapi.webp&#8221; background_blend=&#8221;darken&#8221; custom_padding=&#8221;17em||17em||false|false&#8221; hover_enabled=&#8221;0&#8243; global_colors_info=&#8221;{}&#8221; alt=&#8221;Parterapi, N\u00e4rhetsakuten&#8221; title_text=&#8221;IMG_2207-1920-16&#215;9-parterapi&#8221; sticky_enabled=&#8221;0&#8243;][et_pb_row _builder_version=&#8221;4.20.0&#8243; _module_preset=&#8221;default&#8221; global_colors_info=&#8221;{}&#8221;][et_pb_column type=&#8221;4_4&#8243; _builder_version=&#8221;4.20.0&#8243; _module_preset=&#8221;default&#8221; global_colors_info=&#8221;{}&#8221;][et_pb_text _builder_version=&#8221;4.27.0&#8243; _module_preset=&#8221;dd09815b-9204-45fb-8e57-4de9a6d634d4&#8243; header_text_color=&#8221;#910068&#8243; header_4_text_color=&#8221;#FFFFFF&#8221; header_4_font_size=&#8221;16px&#8221; text_orientation=&#8221;center&#8221; header_4_font_size_tablet=&#8221;16px&#8221; header_4_font_size_phone=&#8221;14px&#8221; header_4_font_size_last_edited=&#8221;on|desktop&#8221; global_colors_info=&#8221;{}&#8221;]<\/p>\n<h4>N\u00e4rhetsakuten<\/h4>\n<p>[\/et_pb_text][et_pb_text _builder_version=&#8221;4.27.0&#8243; _module_preset=&#8221;48771a93-e30b-4478-8744-d98ad35cce2c&#8221; header_font=&#8221;Cormorant Garamond|700||on|||||&#8221; header_text_color=&#8221;#FFFFFF&#8221; text_orientation=&#8221;center&#8221; header_font_size_tablet=&#8221;60px&#8221; header_font_size_phone=&#8221;36px&#8221; global_colors_info=&#8221;{}&#8221;]<\/p>\n<h1>Parterapi<\/h1>\n<p>[\/et_pb_text][\/et_pb_column][\/et_pb_row][\/et_pb_section][et_pb_section fb_built=&#8221;1&#8243; admin_label=&#8221;Packages&#8221; _builder_version=&#8221;4.27.0&#8243; _module_preset=&#8221;default&#8221; background_color=&#8221;rgba(197,197,185,0.3)&#8221; collapsed=&#8221;on&#8221; global_colors_info=&#8221;{}&#8221;][et_pb_row _builder_version=&#8221;4.27.0&#8243; _module_preset=&#8221;default&#8221; global_colors_info=&#8221;{}&#8221;][et_pb_column type=&#8221;4_4&#8243; _builder_version=&#8221;4.27.0&#8243; _module_preset=&#8221;default&#8221; global_colors_info=&#8221;{}&#8221;][et_pb_text _builder_version=&#8221;4.27.0&#8243; _module_preset=&#8221;690782ad-8f9f-49d9-9f00-e2dc230334f3&#8243; header_3_font=&#8221;|700|||||||&#8221; header_3_text_color=&#8221;#31312F&#8221; header_3_font_size=&#8221;36px&#8221; header_3_letter_spacing=&#8221;1px&#8221; header_3_line_height=&#8221;1.4em&#8221; header_4_font=&#8221;Cormorant Garamond|700|||||||&#8221; header_4_text_color=&#8221;#910068&#8243; header_4_font_size=&#8221;28px&#8221; header_4_letter_spacing=&#8221;0.1em&#8221; custom_margin=&#8221;||10px||false|false&#8221; header_3_font_size_tablet=&#8221;32px&#8221; header_3_font_size_phone=&#8221;22px&#8221; header_3_font_size_last_edited=&#8221;on|phone&#8221; header_4_font_size_tablet=&#8221;24px&#8221; header_4_font_size_phone=&#8221;22px&#8221; global_colors_info=&#8221;{}&#8221;]<\/p>\n<h3 style=\"text-align: center;\">Parterapi eller enskild terapi?<\/h3>\n<h3 style=\"text-align: center;\">Vad \u00e4r b\u00e4st f\u00f6r mig eller oss?<\/h3>\n<p>[\/et_pb_text][\/et_pb_column][\/et_pb_row][et_pb_row column_structure=&#8221;1_2,1_2&#8243; _builder_version=&#8221;4.27.0&#8243; _module_preset=&#8221;default&#8221; global_colors_info=&#8221;{}&#8221;][et_pb_column type=&#8221;1_2&#8243; _builder_version=&#8221;4.27.0&#8243; _module_preset=&#8221;default&#8221; custom_padding=&#8221;||||true|true&#8221; custom_padding_tablet=&#8221;||||false|false&#8221; custom_padding_phone=&#8221;||||false|false&#8221; custom_padding_last_edited=&#8221;on|tablet&#8221; global_colors_info=&#8221;{}&#8221;][et_pb_text _builder_version=&#8221;4.27.0&#8243; _module_preset=&#8221;690782ad-8f9f-49d9-9f00-e2dc230334f3&#8243; header_4_font=&#8221;Cormorant Garamond|700|||||||&#8221; header_4_text_color=&#8221;#910068&#8243; header_4_font_size=&#8221;28px&#8221; header_4_letter_spacing=&#8221;0.1em&#8221; custom_margin=&#8221;||10px||false|false&#8221; header_4_font_size_tablet=&#8221;24px&#8221; header_4_font_size_phone=&#8221;22px&#8221; global_colors_info=&#8221;{}&#8221;]<\/p>\n<h4>Parterapi hos sexolog<\/h4>\n<p>[\/et_pb_text][et_pb_text _builder_version=&#8221;4.27.0&#8243; _module_preset=&#8221;default&#8221; global_colors_info=&#8221;{}&#8221;]<\/p>\n<p>De flesta av oss str\u00e4var efter att f\u00e5 en k\u00e4rleksrelation att fungera.<\/p>\n<p>I n\u00e4ra relationer \u00e4r vi som mest s\u00e5rbara och det \u00e4r d\u00e5 det \u00e4r av st\u00f6rsta vikt att v\u00e5ga visa sitt innersta s\u00e5 intimiteten \u00f6kar.<\/p>\n<p>N\u00e4r den ena har ett sexuellt problem har b\u00e5da ett sexuellt problem. Den andre blir p\u00e5verkad och den f\u00f6rste blir p\u00e5verkad av att ha p\u00e5verkat den andre.<\/p>\n<p>D\u00e4rf\u00f6r kan det vara viktigt f\u00f6r relationen att reda ut missf\u00f6rst\u00e5nd, gissningar, tankel\u00e4sningar och metakommunikation s\u00e5 att n\u00e4rheten till varandra \u00f6kar.<\/p>\n<p>Jag tycker det \u00e4r bra att b\u00f6rja med parterapi, ibland forts\u00e4tter vi bara med den ena eller att vi tr\u00e4ffas alla tre vissa g\u00e5nger.<\/p>\n<p>[\/et_pb_text][\/et_pb_column][et_pb_column type=&#8221;1_2&#8243; _builder_version=&#8221;4.27.0&#8243; _module_preset=&#8221;default&#8221; custom_padding=&#8221;||||true|true&#8221; custom_padding_tablet=&#8221;||||false|false&#8221; custom_padding_phone=&#8221;||||false|false&#8221; custom_padding_last_edited=&#8221;on|tablet&#8221; global_colors_info=&#8221;{}&#8221;][et_pb_text _builder_version=&#8221;4.27.0&#8243; _module_preset=&#8221;690782ad-8f9f-49d9-9f00-e2dc230334f3&#8243; header_4_font=&#8221;Cormorant Garamond|700|||||||&#8221; header_4_text_color=&#8221;#910068&#8243; header_4_font_size=&#8221;28px&#8221; header_4_letter_spacing=&#8221;0.1em&#8221; custom_margin=&#8221;||10px||false|false&#8221; header_4_font_size_tablet=&#8221;24px&#8221; header_4_font_size_phone=&#8221;22px&#8221; global_colors_info=&#8221;{}&#8221;]<\/p>\n<h4>Enskild terapi hos sexolog<\/h4>\n<p>[\/et_pb_text][et_pb_text _builder_version=&#8221;4.27.0&#8243; _module_preset=&#8221;default&#8221; global_colors_info=&#8221;{}&#8221;]<\/p>\n<p>F\u00f6rdelar med att g\u00e5 i egna samtal \u00e4r att d\u00e5 slipper du ta h\u00e4nsyn till din partner och vad du v\u00e5gar s\u00e4ga med henne\/honom n\u00e4rvarande. I sexuella fr\u00e5gor kan det vara f\u00f6r sv\u00e5rt att prata med partnern i rummet och f\u00f6r att komma ig\u00e5ng att kommunicera kan det hj\u00e4lpa att komma ensam.<\/p>\n<p>\u00c5 andra sidan missar vi den relationella aspekten av ditt liv och den hj\u00e4lp vi hade kunnat f\u00e5 av att h\u00f6ra hur din partner upplever det.<\/p>\n<p>[\/et_pb_text][\/et_pb_column][\/et_pb_row][et_pb_row _builder_version=&#8221;4.27.0&#8243; _module_preset=&#8221;default&#8221; global_colors_info=&#8221;{}&#8221;][et_pb_column type=&#8221;4_4&#8243; _builder_version=&#8221;4.27.0&#8243; _module_preset=&#8221;default&#8221; global_colors_info=&#8221;{}&#8221;][et_pb_button button_url=&#8221;mailto:charlotte@narhetsakuten.se&#8221; url_new_window=&#8221;on&#8221; button_text=&#8221;BOKA TID&#8221; button_alignment=&#8221;center&#8221; _builder_version=&#8221;4.27.0&#8243; _module_preset=&#8221;default&#8221; custom_button=&#8221;on&#8221; button_text_color=&#8221;#FFFFFF&#8221; button_bg_color=&#8221;#A09F8D&#8221; button_border_width=&#8221;0px&#8221; global_colors_info=&#8221;{}&#8221;][\/et_pb_button][\/et_pb_column][\/et_pb_row][\/et_pb_section]<\/p>\n","protected":false},"excerpt":{"rendered":"<p>N\u00e4rhetsakutenParterapiParterapi eller enskild terapi? Vad \u00e4r b\u00e4st f\u00f6r mig eller oss?Parterapi hos sexologDe flesta av oss str\u00e4var efter att f\u00e5 en k\u00e4rleksrelation att fungera. I n\u00e4ra relationer \u00e4r vi som mest s\u00e5rbara och det \u00e4r d\u00e5 det \u00e4r av st\u00f6rsta vikt att v\u00e5ga visa sitt innersta s\u00e5 intimiteten \u00f6kar. N\u00e4r den ena har ett sexuellt [&hellip;]<\/p>\n","protected":false},"author":3,"featured_media":0,"parent":0,"menu_order":0,"comment_status":"closed","ping_status":"closed","template":"","meta":{"_et_pb_use_builder":"on","_et_pb_old_content":"","_et_gb_content_width":"","footnotes":""},"class_list":["post-91","page","type-page","status-publish","hentry"],"yoast_head":"<!-- This site is optimized with the Yoast SEO plugin v27.3 - https:\/\/yoast.com\/product\/yoast-seo-wordpress\/ -->\n<title>Parterapi - N\u00e4rhetsakuten<\/title>\n<meta name=\"robots\" content=\"index, follow, max-snippet:-1, max-image-preview:large, max-video-preview:-1\" \/>\n<link rel=\"canonical\" href=\"https:\/\/www.narhetsakuten.se\/index.php\/parterapi\/\" \/>\n<meta property=\"og:locale\" content=\"sv_SE\" \/>\n<meta property=\"og:type\" content=\"article\" \/>\n<meta property=\"og:title\" content=\"Parterapi - N\u00e4rhetsakuten\" \/>\n<meta property=\"og:description\" content=\"N\u00e4rhetsakutenParterapiParterapi eller enskild terapi? Vad \u00e4r b\u00e4st f\u00f6r mig eller oss?Parterapi hos sexologDe flesta av oss str\u00e4var efter att f\u00e5 en k\u00e4rleksrelation att fungera. I n\u00e4ra relationer \u00e4r vi som mest s\u00e5rbara och det \u00e4r d\u00e5 det \u00e4r av st\u00f6rsta vikt att v\u00e5ga visa sitt innersta s\u00e5 intimiteten \u00f6kar. N\u00e4r den ena har ett sexuellt [&hellip;]\" \/>\n<meta property=\"og:url\" content=\"https:\/\/www.narhetsakuten.se\/index.php\/parterapi\/\" \/>\n<meta property=\"og:site_name\" content=\"N\u00e4rhetsakuten\" \/>\n<meta property=\"article:modified_time\" content=\"2025-02-13T08:39:41+00:00\" \/>\n<meta name=\"twitter:card\" content=\"summary_large_image\" \/>\n<script type=\"application\/ld+json\" class=\"yoast-schema-graph\">{\"@context\":\"https:\\\/\\\/schema.org\",\"@graph\":[{\"@type\":\"WebPage\",\"@id\":\"https:\\\/\\\/www.narhetsakuten.se\\\/index.php\\\/parterapi\\\/\",\"url\":\"https:\\\/\\\/www.narhetsakuten.se\\\/index.php\\\/parterapi\\\/\",\"name\":\"Parterapi - N\u00e4rhetsakuten\",\"isPartOf\":{\"@id\":\"https:\\\/\\\/www.narhetsakuten.se\\\/#website\"},\"datePublished\":\"2024-09-08T11:13:23+00:00\",\"dateModified\":\"2025-02-13T08:39:41+00:00\",\"breadcrumb\":{\"@id\":\"https:\\\/\\\/www.narhetsakuten.se\\\/index.php\\\/parterapi\\\/#breadcrumb\"},\"inLanguage\":\"sv-SE\",\"potentialAction\":[{\"@type\":\"ReadAction\",\"target\":[\"https:\\\/\\\/www.narhetsakuten.se\\\/index.php\\\/parterapi\\\/\"]}]},{\"@type\":\"BreadcrumbList\",\"@id\":\"https:\\\/\\\/www.narhetsakuten.se\\\/index.php\\\/parterapi\\\/#breadcrumb\",\"itemListElement\":[{\"@type\":\"ListItem\",\"position\":1,\"name\":\"Hem\",\"item\":\"https:\\\/\\\/www.narhetsakuten.se\\\/\"},{\"@type\":\"ListItem\",\"position\":2,\"name\":\"Parterapi\"}]},{\"@type\":\"WebSite\",\"@id\":\"https:\\\/\\\/www.narhetsakuten.se\\\/#website\",\"url\":\"https:\\\/\\\/www.narhetsakuten.se\\\/\",\"name\":\"N\u00e4rhetsakuten\",\"description\":\"Sexolog och leg. psykoterapeut\",\"potentialAction\":[{\"@type\":\"SearchAction\",\"target\":{\"@type\":\"EntryPoint\",\"urlTemplate\":\"https:\\\/\\\/www.narhetsakuten.se\\\/?s={search_term_string}\"},\"query-input\":{\"@type\":\"PropertyValueSpecification\",\"valueRequired\":true,\"valueName\":\"search_term_string\"}}],\"inLanguage\":\"sv-SE\"}]}<\/script>\n<!-- \/ Yoast SEO plugin. -->","yoast_head_json":{"title":"Parterapi - N\u00e4rhetsakuten","robots":{"index":"index","follow":"follow","max-snippet":"max-snippet:-1","max-image-preview":"max-image-preview:large","max-video-preview":"max-video-preview:-1"},"canonical":"https:\/\/www.narhetsakuten.se\/index.php\/parterapi\/","og_locale":"sv_SE","og_type":"article","og_title":"Parterapi - N\u00e4rhetsakuten","og_description":"N\u00e4rhetsakutenParterapiParterapi eller enskild terapi? Vad \u00e4r b\u00e4st f\u00f6r mig eller oss?Parterapi hos sexologDe flesta av oss str\u00e4var efter att f\u00e5 en k\u00e4rleksrelation att fungera. I n\u00e4ra relationer \u00e4r vi som mest s\u00e5rbara och det \u00e4r d\u00e5 det \u00e4r av st\u00f6rsta vikt att v\u00e5ga visa sitt innersta s\u00e5 intimiteten \u00f6kar. N\u00e4r den ena har ett sexuellt [&hellip;]","og_url":"https:\/\/www.narhetsakuten.se\/index.php\/parterapi\/","og_site_name":"N\u00e4rhetsakuten","article_modified_time":"2025-02-13T08:39:41+00:00","twitter_card":"summary_large_image","schema":{"@context":"https:\/\/schema.org","@graph":[{"@type":"WebPage","@id":"https:\/\/www.narhetsakuten.se\/index.php\/parterapi\/","url":"https:\/\/www.narhetsakuten.se\/index.php\/parterapi\/","name":"Parterapi - N\u00e4rhetsakuten","isPartOf":{"@id":"https:\/\/www.narhetsakuten.se\/#website"},"datePublished":"2024-09-08T11:13:23+00:00","dateModified":"2025-02-13T08:39:41+00:00","breadcrumb":{"@id":"https:\/\/www.narhetsakuten.se\/index.php\/parterapi\/#breadcrumb"},"inLanguage":"sv-SE","potentialAction":[{"@type":"ReadAction","target":["https:\/\/www.narhetsakuten.se\/index.php\/parterapi\/"]}]},{"@type":"BreadcrumbList","@id":"https:\/\/www.narhetsakuten.se\/index.php\/parterapi\/#breadcrumb","itemListElement":[{"@type":"ListItem","position":1,"name":"Hem","item":"https:\/\/www.narhetsakuten.se\/"},{"@type":"ListItem","position":2,"name":"Parterapi"}]},{"@type":"WebSite","@id":"https:\/\/www.narhetsakuten.se\/#website","url":"https:\/\/www.narhetsakuten.se\/","name":"N\u00e4rhetsakuten","description":"Sexolog och leg. psykoterapeut","potentialAction":[{"@type":"SearchAction","target":{"@type":"EntryPoint","urlTemplate":"https:\/\/www.narhetsakuten.se\/?s={search_term_string}"},"query-input":{"@type":"PropertyValueSpecification","valueRequired":true,"valueName":"search_term_string"}}],"inLanguage":"sv-SE"}]}},"_links":{"self":[{"href":"https:\/\/www.narhetsakuten.se\/index.php\/wp-json\/wp\/v2\/pages\/91","targetHints":{"allow":["GET"]}}],"collection":[{"href":"https:\/\/www.narhetsakuten.se\/index.php\/wp-json\/wp\/v2\/pages"}],"about":[{"href":"https:\/\/www.narhetsakuten.se\/index.php\/wp-json\/wp\/v2\/types\/page"}],"author":[{"embeddable":true,"href":"https:\/\/www.narhetsakuten.se\/index.php\/wp-json\/wp\/v2\/users\/3"}],"replies":[{"embeddable":true,"href":"https:\/\/www.narhetsakuten.se\/index.php\/wp-json\/wp\/v2\/comments?post=91"}],"version-history":[{"count":16,"href":"https:\/\/www.narhetsakuten.se\/index.php\/wp-json\/wp\/v2\/pages\/91\/revisions"}],"predecessor-version":[{"id":409,"href":"https:\/\/www.narhetsakuten.se\/index.php\/wp-json\/wp\/v2\/pages\/91\/revisions\/409"}],"wp:attachment":[{"href":"https:\/\/www.narhetsakuten.se\/index.php\/wp-json\/wp\/v2\/media?parent=91"}],"curies":[{"name":"wp","href":"https:\/\/api.w.org\/{rel}","templated":true}]}}