{"id":319,"date":"2024-09-14T10:43:20","date_gmt":"2024-09-14T10:43:20","guid":{"rendered":"https:\/\/www.narhetsakuten.se\/?page_id=319"},"modified":"2025-02-13T08:58:44","modified_gmt":"2025-02-13T08:58:44","slug":"bra-terapeuter","status":"publish","type":"page","link":"https:\/\/www.narhetsakuten.se\/index.php\/bra-terapeuter\/","title":{"rendered":"Bra terapeuter"},"content":{"rendered":"<p>[et_pb_section fb_built=&#8221;1&#8243; admin_label=&#8221;Header&#8221; _builder_version=&#8221;4.27.0&#8243; _module_preset=&#8221;default&#8221; background_color=&#8221;rgba(229,225,216,0.62)&#8221; collapsed=&#8221;on&#8221; global_colors_info=&#8221;{}&#8221;][et_pb_row _builder_version=&#8221;4.20.0&#8243; _module_preset=&#8221;default&#8221; global_colors_info=&#8221;{}&#8221;][et_pb_column type=&#8221;4_4&#8243; _builder_version=&#8221;4.20.0&#8243; _module_preset=&#8221;default&#8221; global_colors_info=&#8221;{}&#8221;][et_pb_text _builder_version=&#8221;4.27.0&#8243; _module_preset=&#8221;default&#8221; header_text_align=&#8221;center&#8221; header_font_size=&#8221;65px&#8221; header_letter_spacing=&#8221;1px&#8221; header_font_size_tablet=&#8221;55px&#8221; header_font_size_phone=&#8221;32px&#8221; header_font_size_last_edited=&#8221;on|desktop&#8221; global_colors_info=&#8221;{}&#8221;]<\/p>\n<h1>Bra terapeuter<\/h1>\n<p>[\/et_pb_text][\/et_pb_column][\/et_pb_row][\/et_pb_section][et_pb_section fb_built=&#8221;1&#8243; admin_label=&#8221;Packages&#8221; _builder_version=&#8221;4.27.0&#8243; _module_preset=&#8221;default&#8221; background_color=&#8221;rgba(229,225,216,0.32)&#8221; collapsed=&#8221;on&#8221; global_colors_info=&#8221;{}&#8221;][et_pb_row _builder_version=&#8221;4.27.0&#8243; _module_preset=&#8221;default&#8221; custom_padding=&#8221;||0px||false|false&#8221; global_colors_info=&#8221;{}&#8221;][et_pb_column type=&#8221;4_4&#8243; _builder_version=&#8221;4.27.0&#8243; _module_preset=&#8221;default&#8221; global_colors_info=&#8221;{}&#8221;][et_pb_text _builder_version=&#8221;4.27.0&#8243; _module_preset=&#8221;default&#8221; header_4_font=&#8221;&#8211;et_global_body_font|300||on|||||&#8221; header_4_text_align=&#8221;center&#8221; header_4_text_color=&#8221;#910068&#8243; header_4_font_size=&#8221;20px&#8221; header_4_letter_spacing=&#8221;1px&#8221; header_4_line_height=&#8221;1.5em&#8221; header_4_font_size_tablet=&#8221;18px&#8221; header_4_font_size_phone=&#8221;16px&#8221; header_4_font_size_last_edited=&#8221;on|phone&#8221; global_colors_info=&#8221;{}&#8221;]<\/p>\n<h4>Bra KBT-Terapeuter som jag k\u00e4nner till efter att ha haft handledning ihop:<\/h4>\n<p>[\/et_pb_text][\/et_pb_column][\/et_pb_row][et_pb_row column_structure=&#8221;1_2,1_2&#8243; _builder_version=&#8221;4.27.0&#8243; _module_preset=&#8221;default&#8221; global_colors_info=&#8221;{}&#8221;][et_pb_column type=&#8221;1_2&#8243; _builder_version=&#8221;4.20.0&#8243; _module_preset=&#8221;default&#8221; global_colors_info=&#8221;{}&#8221;][et_pb_text _builder_version=&#8221;4.27.0&#8243; _module_preset=&#8221;default&#8221; header_5_text_color=&#8221;#086E09&#8243; header_5_font_size=&#8221;22px&#8221; header_5_letter_spacing=&#8221;1px&#8221; header_5_font_size_tablet=&#8221;22px&#8221; header_5_font_size_phone=&#8221;20px&#8221; header_5_font_size_last_edited=&#8221;on|desktop&#8221; global_colors_info=&#8221;{}&#8221;]<\/p>\n<h5>Maria Granberg<\/h5>\n<p>E-post: <a href=\"mailto:https:\/\/betea.se\/\">maria.granberg@betea.se<\/a><br \/>Tel: 073 600 50 08<br \/>Hemsida: <a href=\"https:\/\/betea.se\/\" target=\"_blank\" rel=\"noopener\">www.betea.se<\/a><\/p>\n<p>(Maria \u00e4r \u00e4ven bra p\u00e5 sexologi)<\/p>\n<p>[\/et_pb_text][et_pb_divider _builder_version=&#8221;4.27.0&#8243; _module_preset=&#8221;default&#8221; global_colors_info=&#8221;{}&#8221;][\/et_pb_divider][et_pb_text _builder_version=&#8221;4.27.4&#8243; _module_preset=&#8221;default&#8221; header_5_text_color=&#8221;#086E09&#8243; header_5_font_size=&#8221;22px&#8221; header_5_letter_spacing=&#8221;1px&#8221; hover_enabled=&#8221;0&#8243; header_5_font_size_tablet=&#8221;22px&#8221; header_5_font_size_phone=&#8221;20px&#8221; header_5_font_size_last_edited=&#8221;on|desktop&#8221; global_colors_info=&#8221;{}&#8221; sticky_enabled=&#8221;0&#8243;]<\/p>\n<h5>Carina Diamant<\/h5>\n<p>Tel: 076 856 63 15<br \/><a href=\"https:\/\/www.vallentingruppen.se\/carinad.html\" target=\"_blank\" rel=\"noopener\">Hemsida<\/a><\/p>\n<p>[\/et_pb_text][et_pb_divider _builder_version=&#8221;4.27.0&#8243; _module_preset=&#8221;default&#8221; global_colors_info=&#8221;{}&#8221;][\/et_pb_divider][et_pb_text _builder_version=&#8221;4.27.4&#8243; _module_preset=&#8221;default&#8221; header_5_text_color=&#8221;#086E09&#8243; header_5_font_size=&#8221;22px&#8221; header_5_letter_spacing=&#8221;1px&#8221; hover_enabled=&#8221;0&#8243; header_5_font_size_tablet=&#8221;22px&#8221; header_5_font_size_phone=&#8221;20px&#8221; header_5_font_size_last_edited=&#8221;on|desktop&#8221; global_colors_info=&#8221;{}&#8221; sticky_enabled=&#8221;0&#8243;]<\/p>\n<h5>Mona Andersson Eng<\/h5>\n<p><a href=\"https:\/\/engterapi.se\/\" target=\"_blank\" rel=\"noopener\">Hemsida<\/a><\/p>\n<p>[\/et_pb_text][\/et_pb_column][et_pb_column type=&#8221;1_2&#8243; _builder_version=&#8221;4.20.0&#8243; _module_preset=&#8221;default&#8221; global_colors_info=&#8221;{}&#8221;][et_pb_image src=&#8221;https:\/\/www.narhetsakuten.se\/wp-content\/uploads\/2025\/02\/IMG_7681-webb.webp&#8221; alt=&#8221;Bra terapeuter, N\u00e4rhetsakuten&#8221; title_text=&#8221;IMG_7681-webb&#8221; _builder_version=&#8221;4.27.4&#8243; _module_preset=&#8221;default&#8221; hover_enabled=&#8221;0&#8243; global_colors_info=&#8221;{}&#8221; sticky_enabled=&#8221;0&#8243;][\/et_pb_image][\/et_pb_column][\/et_pb_row][\/et_pb_section]<\/p>\n","protected":false},"excerpt":{"rendered":"<p>Bra terapeuterBra KBT-Terapeuter som jag k\u00e4nner till efter att ha haft handledning ihop:Maria Granberg E-post: maria.granberg@betea.seTel: 073 600 50 08Hemsida: www.betea.se (Maria \u00e4r \u00e4ven bra p\u00e5 sexologi)Carina Diamant Tel: 076 856 63 15HemsidaMona Andersson Eng Hemsida<\/p>\n","protected":false},"author":3,"featured_media":0,"parent":0,"menu_order":0,"comment_status":"closed","ping_status":"closed","template":"","meta":{"_et_pb_use_builder":"on","_et_pb_old_content":"","_et_gb_content_width":"","footnotes":""},"class_list":["post-319","page","type-page","status-publish","hentry"],"yoast_head":"<!-- This site is optimized with the Yoast SEO plugin v27.3 - https:\/\/yoast.com\/product\/yoast-seo-wordpress\/ -->\n<title>Bra terapeuter - N\u00e4rhetsakuten<\/title>\n<meta name=\"robots\" content=\"index, follow, max-snippet:-1, max-image-preview:large, max-video-preview:-1\" \/>\n<link rel=\"canonical\" href=\"https:\/\/www.narhetsakuten.se\/index.php\/bra-terapeuter\/\" \/>\n<meta property=\"og:locale\" content=\"sv_SE\" \/>\n<meta property=\"og:type\" content=\"article\" \/>\n<meta property=\"og:title\" content=\"Bra terapeuter - N\u00e4rhetsakuten\" \/>\n<meta property=\"og:description\" content=\"Bra terapeuterBra KBT-Terapeuter som jag k\u00e4nner till efter att ha haft handledning ihop:Maria Granberg E-post: maria.granberg@betea.seTel: 073 600 50 08Hemsida: www.betea.se (Maria \u00e4r \u00e4ven bra p\u00e5 sexologi)Carina Diamant Tel: 076 856 63 15HemsidaMona Andersson Eng Hemsida\" \/>\n<meta property=\"og:url\" content=\"https:\/\/www.narhetsakuten.se\/index.php\/bra-terapeuter\/\" \/>\n<meta property=\"og:site_name\" content=\"N\u00e4rhetsakuten\" \/>\n<meta property=\"article:modified_time\" content=\"2025-02-13T08:58:44+00:00\" \/>\n<meta name=\"twitter:card\" content=\"summary_large_image\" \/>\n<script type=\"application\/ld+json\" class=\"yoast-schema-graph\">{\"@context\":\"https:\\\/\\\/schema.org\",\"@graph\":[{\"@type\":\"WebPage\",\"@id\":\"https:\\\/\\\/www.narhetsakuten.se\\\/index.php\\\/bra-terapeuter\\\/\",\"url\":\"https:\\\/\\\/www.narhetsakuten.se\\\/index.php\\\/bra-terapeuter\\\/\",\"name\":\"Bra terapeuter - N\u00e4rhetsakuten\",\"isPartOf\":{\"@id\":\"https:\\\/\\\/www.narhetsakuten.se\\\/#website\"},\"datePublished\":\"2024-09-14T10:43:20+00:00\",\"dateModified\":\"2025-02-13T08:58:44+00:00\",\"breadcrumb\":{\"@id\":\"https:\\\/\\\/www.narhetsakuten.se\\\/index.php\\\/bra-terapeuter\\\/#breadcrumb\"},\"inLanguage\":\"sv-SE\",\"potentialAction\":[{\"@type\":\"ReadAction\",\"target\":[\"https:\\\/\\\/www.narhetsakuten.se\\\/index.php\\\/bra-terapeuter\\\/\"]}]},{\"@type\":\"BreadcrumbList\",\"@id\":\"https:\\\/\\\/www.narhetsakuten.se\\\/index.php\\\/bra-terapeuter\\\/#breadcrumb\",\"itemListElement\":[{\"@type\":\"ListItem\",\"position\":1,\"name\":\"Hem\",\"item\":\"https:\\\/\\\/www.narhetsakuten.se\\\/\"},{\"@type\":\"ListItem\",\"position\":2,\"name\":\"Bra terapeuter\"}]},{\"@type\":\"WebSite\",\"@id\":\"https:\\\/\\\/www.narhetsakuten.se\\\/#website\",\"url\":\"https:\\\/\\\/www.narhetsakuten.se\\\/\",\"name\":\"N\u00e4rhetsakuten\",\"description\":\"Sexolog och leg. psykoterapeut\",\"potentialAction\":[{\"@type\":\"SearchAction\",\"target\":{\"@type\":\"EntryPoint\",\"urlTemplate\":\"https:\\\/\\\/www.narhetsakuten.se\\\/?s={search_term_string}\"},\"query-input\":{\"@type\":\"PropertyValueSpecification\",\"valueRequired\":true,\"valueName\":\"search_term_string\"}}],\"inLanguage\":\"sv-SE\"}]}<\/script>\n<!-- \/ Yoast SEO plugin. -->","yoast_head_json":{"title":"Bra terapeuter - N\u00e4rhetsakuten","robots":{"index":"index","follow":"follow","max-snippet":"max-snippet:-1","max-image-preview":"max-image-preview:large","max-video-preview":"max-video-preview:-1"},"canonical":"https:\/\/www.narhetsakuten.se\/index.php\/bra-terapeuter\/","og_locale":"sv_SE","og_type":"article","og_title":"Bra terapeuter - N\u00e4rhetsakuten","og_description":"Bra terapeuterBra KBT-Terapeuter som jag k\u00e4nner till efter att ha haft handledning ihop:Maria Granberg E-post: maria.granberg@betea.seTel: 073 600 50 08Hemsida: www.betea.se (Maria \u00e4r \u00e4ven bra p\u00e5 sexologi)Carina Diamant Tel: 076 856 63 15HemsidaMona Andersson Eng Hemsida","og_url":"https:\/\/www.narhetsakuten.se\/index.php\/bra-terapeuter\/","og_site_name":"N\u00e4rhetsakuten","article_modified_time":"2025-02-13T08:58:44+00:00","twitter_card":"summary_large_image","schema":{"@context":"https:\/\/schema.org","@graph":[{"@type":"WebPage","@id":"https:\/\/www.narhetsakuten.se\/index.php\/bra-terapeuter\/","url":"https:\/\/www.narhetsakuten.se\/index.php\/bra-terapeuter\/","name":"Bra terapeuter - N\u00e4rhetsakuten","isPartOf":{"@id":"https:\/\/www.narhetsakuten.se\/#website"},"datePublished":"2024-09-14T10:43:20+00:00","dateModified":"2025-02-13T08:58:44+00:00","breadcrumb":{"@id":"https:\/\/www.narhetsakuten.se\/index.php\/bra-terapeuter\/#breadcrumb"},"inLanguage":"sv-SE","potentialAction":[{"@type":"ReadAction","target":["https:\/\/www.narhetsakuten.se\/index.php\/bra-terapeuter\/"]}]},{"@type":"BreadcrumbList","@id":"https:\/\/www.narhetsakuten.se\/index.php\/bra-terapeuter\/#breadcrumb","itemListElement":[{"@type":"ListItem","position":1,"name":"Hem","item":"https:\/\/www.narhetsakuten.se\/"},{"@type":"ListItem","position":2,"name":"Bra terapeuter"}]},{"@type":"WebSite","@id":"https:\/\/www.narhetsakuten.se\/#website","url":"https:\/\/www.narhetsakuten.se\/","name":"N\u00e4rhetsakuten","description":"Sexolog och leg. psykoterapeut","potentialAction":[{"@type":"SearchAction","target":{"@type":"EntryPoint","urlTemplate":"https:\/\/www.narhetsakuten.se\/?s={search_term_string}"},"query-input":{"@type":"PropertyValueSpecification","valueRequired":true,"valueName":"search_term_string"}}],"inLanguage":"sv-SE"}]}},"_links":{"self":[{"href":"https:\/\/www.narhetsakuten.se\/index.php\/wp-json\/wp\/v2\/pages\/319","targetHints":{"allow":["GET"]}}],"collection":[{"href":"https:\/\/www.narhetsakuten.se\/index.php\/wp-json\/wp\/v2\/pages"}],"about":[{"href":"https:\/\/www.narhetsakuten.se\/index.php\/wp-json\/wp\/v2\/types\/page"}],"author":[{"embeddable":true,"href":"https:\/\/www.narhetsakuten.se\/index.php\/wp-json\/wp\/v2\/users\/3"}],"replies":[{"embeddable":true,"href":"https:\/\/www.narhetsakuten.se\/index.php\/wp-json\/wp\/v2\/comments?post=319"}],"version-history":[{"count":6,"href":"https:\/\/www.narhetsakuten.se\/index.php\/wp-json\/wp\/v2\/pages\/319\/revisions"}],"predecessor-version":[{"id":427,"href":"https:\/\/www.narhetsakuten.se\/index.php\/wp-json\/wp\/v2\/pages\/319\/revisions\/427"}],"wp:attachment":[{"href":"https:\/\/www.narhetsakuten.se\/index.php\/wp-json\/wp\/v2\/media?parent=319"}],"curies":[{"name":"wp","href":"https:\/\/api.w.org\/{rel}","templated":true}]}}