{"id":3,"date":"2024-08-16T13:31:27","date_gmt":"2024-08-16T13:31:27","guid":{"rendered":"http:\/\/www.narhetsakuten.se\/?page_id=3"},"modified":"2024-09-14T11:09:27","modified_gmt":"2024-09-14T11:09:27","slug":"privacy-policy","status":"publish","type":"page","link":"https:\/\/www.narhetsakuten.se\/index.php\/privacy-policy\/","title":{"rendered":"Integritetspolicy"},"content":{"rendered":"\n<h2 class=\"wp-block-heading\"><\/h2>\n\n\n\n<p>N\u00e4rhetsakuten AB, Org.nr: 556803-4838, \u00e4r personuppgiftsansvarig f\u00f6r behandlingen av personuppgifterna som denna hemsida samlar in. I denna integritetspolicy f\u00f6rklarar vi vilken typ av personuppgifter vi lagrar och hur vi behandlar dem. Denna integritetspolicy g\u00e4ller f\u00f6r: narhetsakuten.se<\/p>\n\n\n\n<p><\/p>\n\n\n\n<h2 class=\"wp-block-heading\">Personuppgifter som vi samlar in och varf\u00f6r<\/h2>\n\n\n\n<h3 class=\"wp-block-heading\">Vi behandlar f\u00f6ljande kategorier av personuppgifter:<\/h3>\n\n\n\n<p><strong>Inb\u00e4ddat inneh\u00e5ll fr\u00e5n andra webbplatser<\/strong><\/p>\n\n\n\n<p>Artiklar p\u00e5 denna webbplats kan inneh\u00e5lla inb\u00e4ddat inneh\u00e5ll (exempelvis videoklipp, bilder, artiklar o.s.v.). Inb\u00e4ddat inneh\u00e5ll fr\u00e5n andra webbplatser beter sig precis p\u00e5 samma s\u00e4tt som om bes\u00f6karen har bes\u00f6kt den andra webbplatsen.<\/p>\n\n\n\n<p>Dessa webbplatser kan samla in uppgifter om dig, anv\u00e4nda cookie-filer, b\u00e4dda in ytterligare sp\u00e5rning fr\u00e5n tredje part och \u00f6vervaka din interaktion med sagda inb\u00e4ddade inneh\u00e5ll, inklusive sp\u00e5rning av din interaktion med detta inb\u00e4ddade inneh\u00e5ll om du har ett konto och \u00e4r inloggad p\u00e5 webbplatsen i fr\u00e5ga.<\/p>\n\n\n\n<p>Cookies: se v\u00e5r information om cookies h\u00e4r: <a href=\"https:\/\/www.narhetsakuten.se\/index.php\/cookie-policy-eu\/\">https:\/\/www.narhetsakuten.se\/index.php\/cookie-policy-eu\/<\/a><\/p>\n\n\n\n<p><\/p>\n\n\n\n<p><strong>Kommentarsfunktion avaktiverad, samlar ej in personuppgifter<\/strong><\/p>\n\n\n\n<p><\/p>\n\n\n\n<p><strong>Inloggning eller registrering p\u00e5 webbplatsen ej m\u00f6jlig, samlar ej in personuppgifter<\/strong><\/p>\n\n\n\n<p><\/p>\n\n\n\n<h3 class=\"wp-block-heading\">Hur skyddar vi dina personuppgifter?<\/h3>\n\n\n\n<p><strong>Vilka l\u00e4mnar vi ut dina uppgifter till?<\/strong><\/p>\n\n\n\n<p>Vi l\u00e4mnar inte ut dina uppgifter till andra f\u00f6retag eller organisationer om det inte kr\u00e4vs enligt lag eller \u00e4r n\u00f6dv\u00e4ndigt f\u00f6r att utf\u00f6ra v\u00e5ra lagstadgade eller avtalsenliga f\u00f6rpliktelser gentemot dig.<\/p>\n\n\n\n<p>Vi kan l\u00e4mna ut dina personuppgifter till n\u00e5gon av v\u00e5ra samarbetspartners, leverant\u00f6rer eller underleverant\u00f6rer, men endast om det beh\u00f6vs f\u00f6r att vi ska kunna uppfylla v\u00e5ra skyldigheter i f\u00f6rh\u00e5llande till dig som kund. Vi l\u00e4mnar aldrig ut fler personuppgifter \u00e4n vad som \u00e4r n\u00f6dv\u00e4ndigt.<\/p>\n\n\n\n<p>N\u00e4r det kr\u00e4vs enligt lag kan vi beh\u00f6va l\u00e4mna ut dina uppgifter till myndigheter och andra organisationer. Vi kan ocks\u00e5 beh\u00f6va l\u00e4mna ut dina uppgifter om det \u00e4r n\u00f6dv\u00e4ndigt f\u00f6r att ut\u00f6va, fastst\u00e4lla eller bevaka v\u00e5ra r\u00e4ttsliga anspr\u00e5k.<\/p>\n\n\n\n<p>Vi l\u00e4mnar aldrig ut dina personuppgifter till andra f\u00f6retag eller verksamheter f\u00f6r marknadsf\u00f6rings\u00e4ndam\u00e5l.<\/p>\n\n\n\n<h2 class=\"wp-block-heading\">Med st\u00f6d av vilka r\u00e4ttsliga grunder behandlar vi personuppgifter om dig?<\/h2>\n\n\n\n<p>Vi behandlar endast de personuppgifter vi beh\u00f6ver f\u00f6r att vi ska kunna utf\u00f6ra v\u00e5ra tj\u00e4nster eller leverera v\u00e5ra tj\u00e4nster till dig, dvs. n\u00e4r vi ing\u00e5r eller fullg\u00f6r avtal med dig. I den m\u00e5n vi behandlar ytterligare uppgifter kommer vi att inh\u00e4mta ditt samtycke eller s\u00e4kerst\u00e4lla att behandlingen \u00e4r till\u00e5ten med st\u00f6d av annan r\u00e4ttslig grund.<\/p>\n\n\n\n<h2 class=\"wp-block-heading\">Hur l\u00e4nge behandlar vi dina personuppgifter?<\/h2>\n\n\n\n<p>Vi sparar uppgifter om dig som kund under den tid som avtalet med dig g\u00e4ller och under en sk\u00e4lig tid d\u00e4refter. Det inneb\u00e4r i de allra flesta fall att vi inte sparar dina personuppgifter under l\u00e4ngre tid \u00e4n ett \u00e5r fr\u00e5n och med avtalets upph\u00f6rande, men under vissa f\u00f6ruts\u00e4ttningar kan vi beh\u00e5lla dina uppgifter under en l\u00e4ngre tid \u00e4n s\u00e5. Det g\u00e4ller exempelvis n\u00e4r det kr\u00e4vs enligt lag eller n\u00e4r uppgifterna kan beh\u00f6vas f\u00f6r att fastst\u00e4lla, ut\u00f6va och bevaka r\u00e4ttsliga anspr\u00e5k.<\/p>\n\n\n\n<h2 class=\"wp-block-heading\">Dina r\u00e4ttigheter<\/h2>\n\n\n\n<p>N\u00e4r vi behandlar personuppgifter om dig har du som registrerad flera r\u00e4ttigheter. Du har r\u00e4tt att n\u00e4r som helst ta kontakt med oss g\u00e4llande dessa, och om du vill ut\u00f6va n\u00e5gon av r\u00e4ttigheterna som beskrivs nedan n\u00e5r du oss enklast p\u00e5 charlotte@narhetsakuten.se.<\/p>\n\n\n\n<p>Vi f\u00f6rbeh\u00e5ller oss r\u00e4tten att vidta l\u00e4mpliga skydds- och s\u00e4kerhets\u00e5tg\u00e4rder i syfte att s\u00e4kerst\u00e4lla att du \u00e4r den du utger dig f\u00f6r att vara n\u00e4r du tar kontakt med oss. Om du inte kan visa din identitet p\u00e5 ett trov\u00e4rdigt s\u00e4tt \u00e4r det inte s\u00e4kert att vi kan tillm\u00f6tesg\u00e5 din beg\u00e4ran.<\/p>\n\n\n\n<h2 class=\"wp-block-heading\">Tillg\u00e5ng till personuppgifter<\/h2>\n\n\n\n<p>Du har r\u00e4tt att f\u00e5 veta vilka personuppgifter vi behandlar om dig. Om du vill veta det kan du f\u00e5 ett sammanst\u00e4llt registerutdrag av oss som inneh\u00e5ller de personuppgifter vi behandlar om dig.<\/p>\n\n\n\n<h2 class=\"wp-block-heading\">R\u00e4ttelse och radering<\/h2>\n\n\n\n<p>Om vi behandlar dina personuppgifter p\u00e5 ett felaktigt s\u00e4tt eller om vi inte l\u00e4ngre beh\u00f6ver uppgifterna har du r\u00e4tt att f\u00e5 dem raderade. Om uppgifterna \u00e4r ofullst\u00e4ndiga har du r\u00e4tt att f\u00e5 dem kompletterade. T\u00e4nk p\u00e5 att det inte \u00e4r s\u00e4kert att vi kan utf\u00f6ra v\u00e5ra tj\u00e4nster till dig om du beg\u00e4r att f\u00e5 dina personuppgifter raderade.<\/p>\n\n\n\n<h2 class=\"wp-block-heading\">Dataportabilitet<\/h2>\n\n\n\n<p>Under vissa omst\u00e4ndigheter har du r\u00e4tt att f\u00e5 de uppgifter vi behandlar om dig i ett allm\u00e4nt, skriftligt, maskinl\u00e4sbart och strukturerat format. Detta har du r\u00e4tt till betr\u00e4ffande de personuppgifter som du sj\u00e4lv har l\u00e4mnat till oss och som vi behandlar med st\u00f6d av ditt samtycke eller n\u00e4r personuppgifterna kr\u00e4vs f\u00f6r att ing\u00e5 eller fullf\u00f6ra avtal med dig.<\/p>\n\n\n\n<h2 class=\"wp-block-heading\">Begr\u00e4nsning av behandling<\/h2>\n\n\n\n<p>Under vissa f\u00f6ruts\u00e4ttningar har du r\u00e4tt att beg\u00e4ra att vi ska begr\u00e4nsa v\u00e5r behandling av dina uppgifter. Det inneb\u00e4r att vi markerar uppgifterna s\u00e5 att vi i framtiden endast behandlar dem f\u00f6r vissa s\u00e4rskilda syften. Det \u00e4r inte s\u00e4kert att vi kan tillhandah\u00e5lla dig v\u00e5ra tj\u00e4nster om vi begr\u00e4nsar behandlingen av dina personuppgifter.<\/p>\n\n\n\n<h2 class=\"wp-block-heading\">R\u00e4tt att g\u00f6ra inv\u00e4ndningar<\/h2>\n\n\n\n<p>Du har r\u00e4tt att inv\u00e4nda mot behandling av personuppgifter som utf\u00f6rs i syfte utf\u00f6ra en uppgift av allm\u00e4nt intresse, som ett led i myndighetsut\u00f6vning eller efter en intresseavv\u00e4gning. Vi behandlar inte dina personuppgifter f\u00f6r n\u00e5got av dessa \u00e4ndam\u00e5l eller enligt n\u00e5gon av dessa grunder. Du kan d\u00e4rf\u00f6r inte rikta n\u00e5gra inv\u00e4ndningar mot v\u00e5r behandling enligt denna grund.<\/p>\n\n\n\n<h2 class=\"wp-block-heading\">R\u00e4tt att inge klagom\u00e5l<\/h2>\n\n\n\n<p>Du har r\u00e4tt att inge klagom\u00e5l till Integritetsskyddsmyndigheten om du anser att vi behandlar dina personuppgifter p\u00e5 ett felaktigt s\u00e4tt. Du kan l\u00e4sa mer om detta p\u00e5 Integritetsskyddsmyndighetens hemsida imy.se. <\/p>\n","protected":false},"excerpt":{"rendered":"<p>N\u00e4rhetsakuten AB, Org.nr: 556803-4838, \u00e4r personuppgiftsansvarig f\u00f6r behandlingen av personuppgifterna som denna hemsida samlar in. I denna integritetspolicy f\u00f6rklarar vi vilken typ av personuppgifter vi lagrar och hur vi behandlar dem. Denna integritetspolicy g\u00e4ller f\u00f6r: narhetsakuten.se Personuppgifter som vi samlar in och varf\u00f6r Vi behandlar f\u00f6ljande kategorier av personuppgifter: Inb\u00e4ddat inneh\u00e5ll fr\u00e5n andra webbplatser Artiklar [&hellip;]<\/p>\n","protected":false},"author":3,"featured_media":0,"parent":0,"menu_order":0,"comment_status":"closed","ping_status":"closed","template":"","meta":{"_et_pb_use_builder":"","_et_pb_old_content":"","_et_gb_content_width":"1080","footnotes":""},"class_list":["post-3","page","type-page","status-publish","hentry"],"yoast_head":"<!-- This site is optimized with the Yoast SEO plugin v27.3 - https:\/\/yoast.com\/product\/yoast-seo-wordpress\/ -->\n<title>Integritetspolicy - N\u00e4rhetsakuten<\/title>\n<meta name=\"robots\" content=\"index, follow, max-snippet:-1, max-image-preview:large, max-video-preview:-1\" \/>\n<link rel=\"canonical\" href=\"https:\/\/www.narhetsakuten.se\/index.php\/privacy-policy\/\" \/>\n<meta property=\"og:locale\" content=\"sv_SE\" \/>\n<meta property=\"og:type\" content=\"article\" \/>\n<meta property=\"og:title\" content=\"Integritetspolicy - N\u00e4rhetsakuten\" \/>\n<meta property=\"og:description\" content=\"N\u00e4rhetsakuten AB, Org.nr: 556803-4838, \u00e4r personuppgiftsansvarig f\u00f6r behandlingen av personuppgifterna som denna hemsida samlar in. I denna integritetspolicy f\u00f6rklarar vi vilken typ av personuppgifter vi lagrar och hur vi behandlar dem. Denna integritetspolicy g\u00e4ller f\u00f6r: narhetsakuten.se Personuppgifter som vi samlar in och varf\u00f6r Vi behandlar f\u00f6ljande kategorier av personuppgifter: Inb\u00e4ddat inneh\u00e5ll fr\u00e5n andra webbplatser Artiklar [&hellip;]\" \/>\n<meta property=\"og:url\" content=\"https:\/\/www.narhetsakuten.se\/index.php\/privacy-policy\/\" \/>\n<meta property=\"og:site_name\" content=\"N\u00e4rhetsakuten\" \/>\n<meta property=\"article:modified_time\" content=\"2024-09-14T11:09:27+00:00\" \/>\n<meta name=\"twitter:card\" content=\"summary_large_image\" \/>\n<meta name=\"twitter:label1\" content=\"Ber\u00e4knad l\u00e4stid\" \/>\n\t<meta name=\"twitter:data1\" content=\"5 minuter\" \/>\n<script type=\"application\/ld+json\" class=\"yoast-schema-graph\">{\"@context\":\"https:\\\/\\\/schema.org\",\"@graph\":[{\"@type\":\"WebPage\",\"@id\":\"https:\\\/\\\/www.narhetsakuten.se\\\/index.php\\\/privacy-policy\\\/\",\"url\":\"https:\\\/\\\/www.narhetsakuten.se\\\/index.php\\\/privacy-policy\\\/\",\"name\":\"Integritetspolicy - N\u00e4rhetsakuten\",\"isPartOf\":{\"@id\":\"https:\\\/\\\/www.narhetsakuten.se\\\/#website\"},\"datePublished\":\"2024-08-16T13:31:27+00:00\",\"dateModified\":\"2024-09-14T11:09:27+00:00\",\"breadcrumb\":{\"@id\":\"https:\\\/\\\/www.narhetsakuten.se\\\/index.php\\\/privacy-policy\\\/#breadcrumb\"},\"inLanguage\":\"sv-SE\",\"potentialAction\":[{\"@type\":\"ReadAction\",\"target\":[\"https:\\\/\\\/www.narhetsakuten.se\\\/index.php\\\/privacy-policy\\\/\"]}]},{\"@type\":\"BreadcrumbList\",\"@id\":\"https:\\\/\\\/www.narhetsakuten.se\\\/index.php\\\/privacy-policy\\\/#breadcrumb\",\"itemListElement\":[{\"@type\":\"ListItem\",\"position\":1,\"name\":\"Hem\",\"item\":\"https:\\\/\\\/www.narhetsakuten.se\\\/\"},{\"@type\":\"ListItem\",\"position\":2,\"name\":\"Integritetspolicy\"}]},{\"@type\":\"WebSite\",\"@id\":\"https:\\\/\\\/www.narhetsakuten.se\\\/#website\",\"url\":\"https:\\\/\\\/www.narhetsakuten.se\\\/\",\"name\":\"N\u00e4rhetsakuten\",\"description\":\"Sexolog och leg. psykoterapeut\",\"potentialAction\":[{\"@type\":\"SearchAction\",\"target\":{\"@type\":\"EntryPoint\",\"urlTemplate\":\"https:\\\/\\\/www.narhetsakuten.se\\\/?s={search_term_string}\"},\"query-input\":{\"@type\":\"PropertyValueSpecification\",\"valueRequired\":true,\"valueName\":\"search_term_string\"}}],\"inLanguage\":\"sv-SE\"}]}<\/script>\n<!-- \/ Yoast SEO plugin. -->","yoast_head_json":{"title":"Integritetspolicy - N\u00e4rhetsakuten","robots":{"index":"index","follow":"follow","max-snippet":"max-snippet:-1","max-image-preview":"max-image-preview:large","max-video-preview":"max-video-preview:-1"},"canonical":"https:\/\/www.narhetsakuten.se\/index.php\/privacy-policy\/","og_locale":"sv_SE","og_type":"article","og_title":"Integritetspolicy - N\u00e4rhetsakuten","og_description":"N\u00e4rhetsakuten AB, Org.nr: 556803-4838, \u00e4r personuppgiftsansvarig f\u00f6r behandlingen av personuppgifterna som denna hemsida samlar in. I denna integritetspolicy f\u00f6rklarar vi vilken typ av personuppgifter vi lagrar och hur vi behandlar dem. Denna integritetspolicy g\u00e4ller f\u00f6r: narhetsakuten.se Personuppgifter som vi samlar in och varf\u00f6r Vi behandlar f\u00f6ljande kategorier av personuppgifter: Inb\u00e4ddat inneh\u00e5ll fr\u00e5n andra webbplatser Artiklar [&hellip;]","og_url":"https:\/\/www.narhetsakuten.se\/index.php\/privacy-policy\/","og_site_name":"N\u00e4rhetsakuten","article_modified_time":"2024-09-14T11:09:27+00:00","twitter_card":"summary_large_image","twitter_misc":{"Ber\u00e4knad l\u00e4stid":"5 minuter"},"schema":{"@context":"https:\/\/schema.org","@graph":[{"@type":"WebPage","@id":"https:\/\/www.narhetsakuten.se\/index.php\/privacy-policy\/","url":"https:\/\/www.narhetsakuten.se\/index.php\/privacy-policy\/","name":"Integritetspolicy - N\u00e4rhetsakuten","isPartOf":{"@id":"https:\/\/www.narhetsakuten.se\/#website"},"datePublished":"2024-08-16T13:31:27+00:00","dateModified":"2024-09-14T11:09:27+00:00","breadcrumb":{"@id":"https:\/\/www.narhetsakuten.se\/index.php\/privacy-policy\/#breadcrumb"},"inLanguage":"sv-SE","potentialAction":[{"@type":"ReadAction","target":["https:\/\/www.narhetsakuten.se\/index.php\/privacy-policy\/"]}]},{"@type":"BreadcrumbList","@id":"https:\/\/www.narhetsakuten.se\/index.php\/privacy-policy\/#breadcrumb","itemListElement":[{"@type":"ListItem","position":1,"name":"Hem","item":"https:\/\/www.narhetsakuten.se\/"},{"@type":"ListItem","position":2,"name":"Integritetspolicy"}]},{"@type":"WebSite","@id":"https:\/\/www.narhetsakuten.se\/#website","url":"https:\/\/www.narhetsakuten.se\/","name":"N\u00e4rhetsakuten","description":"Sexolog och leg. psykoterapeut","potentialAction":[{"@type":"SearchAction","target":{"@type":"EntryPoint","urlTemplate":"https:\/\/www.narhetsakuten.se\/?s={search_term_string}"},"query-input":{"@type":"PropertyValueSpecification","valueRequired":true,"valueName":"search_term_string"}}],"inLanguage":"sv-SE"}]}},"_links":{"self":[{"href":"https:\/\/www.narhetsakuten.se\/index.php\/wp-json\/wp\/v2\/pages\/3","targetHints":{"allow":["GET"]}}],"collection":[{"href":"https:\/\/www.narhetsakuten.se\/index.php\/wp-json\/wp\/v2\/pages"}],"about":[{"href":"https:\/\/www.narhetsakuten.se\/index.php\/wp-json\/wp\/v2\/types\/page"}],"author":[{"embeddable":true,"href":"https:\/\/www.narhetsakuten.se\/index.php\/wp-json\/wp\/v2\/users\/3"}],"replies":[{"embeddable":true,"href":"https:\/\/www.narhetsakuten.se\/index.php\/wp-json\/wp\/v2\/comments?post=3"}],"version-history":[{"count":3,"href":"https:\/\/www.narhetsakuten.se\/index.php\/wp-json\/wp\/v2\/pages\/3\/revisions"}],"predecessor-version":[{"id":335,"href":"https:\/\/www.narhetsakuten.se\/index.php\/wp-json\/wp\/v2\/pages\/3\/revisions\/335"}],"wp:attachment":[{"href":"https:\/\/www.narhetsakuten.se\/index.php\/wp-json\/wp\/v2\/media?parent=3"}],"curies":[{"name":"wp","href":"https:\/\/api.w.org\/{rel}","templated":true}]}}